{"id":53,"date":"2024-03-20T18:21:19","date_gmt":"2024-03-20T17:21:19","guid":{"rendered":"https:\/\/bolanosabogados.com\/index.php\/home\/"},"modified":"2024-05-14T21:10:26","modified_gmt":"2024-05-14T19:10:26","slug":"home","status":"publish","type":"page","link":"https:\/\/bolanosabogados.com\/","title":{"rendered":"Home"},"content":{"rendered":"\t\t<div data-elementor-type=\"wp-page\" data-elementor-id=\"53\" class=\"elementor elementor-53\" data-elementor-post-type=\"page\">\n\t\t\t\t<div class=\"elementor-element elementor-element-511dedfc e-con-full e-flex e-con e-parent\" data-id=\"511dedfc\" data-element_type=\"container\" data-settings=\"{&quot;background_background&quot;:&quot;classic&quot;}\" data-core-v316-plus=\"true\">\n\t\t\t\t<\/div>\n\t\t<div class=\"elementor-element elementor-element-549ee7ad e-flex e-con-boxed e-con e-parent\" data-id=\"549ee7ad\" data-element_type=\"container\" data-core-v316-plus=\"true\">\n\t\t\t\t\t<div class=\"e-con-inner\">\n\t\t<div class=\"elementor-element elementor-element-49ddd450 e-con-full e-flex e-con e-child\" data-id=\"49ddd450\" data-element_type=\"container\">\n\t\t\t\t<div class=\"elementor-element elementor-element-3dc2c581 elementor-widget elementor-widget-heading\" data-id=\"3dc2c581\" data-element_type=\"widget\" data-widget_type=\"heading.default\">\n\t\t\t\t<div class=\"elementor-widget-container\">\n\t\t\t<style>\/*! elementor - v3.20.0 - 20-03-2024 *\/\n.elementor-heading-title{padding:0;margin:0;line-height:1}.elementor-widget-heading .elementor-heading-title[class*=elementor-size-]>a{color:inherit;font-size:inherit;line-height:inherit}.elementor-widget-heading .elementor-heading-title.elementor-size-small{font-size:15px}.elementor-widget-heading .elementor-heading-title.elementor-size-medium{font-size:19px}.elementor-widget-heading .elementor-heading-title.elementor-size-large{font-size:29px}.elementor-widget-heading .elementor-heading-title.elementor-size-xl{font-size:39px}.elementor-widget-heading .elementor-heading-title.elementor-size-xxl{font-size:59px}<\/style><h2 class=\"elementor-heading-title elementor-size-default\">Nosotros<\/h2>\t\t<\/div>\n\t\t\t\t<\/div>\n\t\t\t\t<div class=\"elementor-element elementor-element-35450854 elementor-widget elementor-widget-text-editor\" data-id=\"35450854\" data-element_type=\"widget\" data-widget_type=\"text-editor.default\">\n\t\t\t\t<div class=\"elementor-widget-container\">\n\t\t\t<style>\/*! elementor - v3.20.0 - 20-03-2024 *\/\n.elementor-widget-text-editor.elementor-drop-cap-view-stacked .elementor-drop-cap{background-color:#69727d;color:#fff}.elementor-widget-text-editor.elementor-drop-cap-view-framed .elementor-drop-cap{color:#69727d;border:3px solid;background-color:transparent}.elementor-widget-text-editor:not(.elementor-drop-cap-view-default) .elementor-drop-cap{margin-top:8px}.elementor-widget-text-editor:not(.elementor-drop-cap-view-default) .elementor-drop-cap-letter{width:1em;height:1em}.elementor-widget-text-editor .elementor-drop-cap{float:left;text-align:center;line-height:1;font-size:50px}.elementor-widget-text-editor .elementor-drop-cap-letter{display:inline-block}<\/style>\t\t\t\t<p><span style=\"font-weight: 400;\">En Bola\u00f1os Abogados, nuestro objetivo es proporcionar un servicio legal excepcional a empresarios, ofreciendo soluciones innovadoras y para proteger sus intereses. Nos esforzamos por ser l\u00edderes en el \u00e1mbito legal, adapt\u00e1ndonos constantemente a las tendencias, siendo el socio de confianza para nuestros clientes en la consecuci\u00f3n de sus objetivos.<\/span><\/p>\t\t\t\t\t\t<\/div>\n\t\t\t\t<\/div>\n\t\t\t\t<\/div>\n\t\t<div class=\"elementor-element elementor-element-3fb98fe e-con-full e-flex e-con e-child\" data-id=\"3fb98fe\" data-element_type=\"container\">\n\t\t\t\t<div class=\"elementor-element elementor-element-17768ab5 elementor-widget elementor-widget-image\" data-id=\"17768ab5\" data-element_type=\"widget\" data-widget_type=\"image.default\">\n\t\t\t\t<div class=\"elementor-widget-container\">\n\t\t\t<style>\/*! elementor - v3.20.0 - 20-03-2024 *\/\n.elementor-widget-image{text-align:center}.elementor-widget-image a{display:inline-block}.elementor-widget-image a img[src$=\".svg\"]{width:48px}.elementor-widget-image img{vertical-align:middle;display:inline-block}<\/style>\t\t\t\t\t\t\t\t\t\t<img fetchpriority=\"high\" decoding=\"async\" width=\"1080\" height=\"1080\" src=\"https:\/\/bolanosabogados.com\/wp-content\/uploads\/2024\/05\/Bolanos-Abogados-03.png\" class=\"attachment-full size-full wp-image-588\" alt=\"\" srcset=\"https:\/\/bolanosabogados.com\/wp-content\/uploads\/2024\/05\/Bolanos-Abogados-03.png 1080w, https:\/\/bolanosabogados.com\/wp-content\/uploads\/2024\/05\/Bolanos-Abogados-03-300x300.png 300w, https:\/\/bolanosabogados.com\/wp-content\/uploads\/2024\/05\/Bolanos-Abogados-03-1024x1024.png 1024w, https:\/\/bolanosabogados.com\/wp-content\/uploads\/2024\/05\/Bolanos-Abogados-03-150x150.png 150w, https:\/\/bolanosabogados.com\/wp-content\/uploads\/2024\/05\/Bolanos-Abogados-03-768x768.png 768w\" sizes=\"(max-width: 1080px) 100vw, 1080px\" \/>\t\t\t\t\t\t\t\t\t\t\t\t\t<\/div>\n\t\t\t\t<\/div>\n\t\t\t\t<\/div>\n\t\t\t\t\t<\/div>\n\t\t\t\t<\/div>\n\t\t<div class=\"elementor-element elementor-element-307b3e9e e-flex e-con-boxed e-con e-parent\" data-id=\"307b3e9e\" data-element_type=\"container\" data-core-v316-plus=\"true\">\n\t\t\t\t\t<div class=\"e-con-inner\">\n\t\t<div class=\"elementor-element elementor-element-7b6ecedd e-con-full e-flex e-con e-child\" data-id=\"7b6ecedd\" data-element_type=\"container\">\n\t\t\t\t<div class=\"elementor-element elementor-element-4bcd7c3c elementor-widget elementor-widget-heading\" data-id=\"4bcd7c3c\" data-element_type=\"widget\" data-widget_type=\"heading.default\">\n\t\t\t\t<div class=\"elementor-widget-container\">\n\t\t\t<h2 class=\"elementor-heading-title elementor-size-default\">Lo que hacemos<\/h2>\t\t<\/div>\n\t\t\t\t<\/div>\n\t\t\t\t<\/div>\n\t\t<div class=\"elementor-element elementor-element-4e74cad8 e-con-full e-flex e-con e-child\" data-id=\"4e74cad8\" data-element_type=\"container\">\n\t\t\t\t<div class=\"elementor-element elementor-element-7536bf5d elementor-widget-tablet__width-initial elementor-widget-mobile__width-inherit elementor-widget__width-initial elementor-position-top elementor-widget elementor-widget-image-box\" data-id=\"7536bf5d\" data-element_type=\"widget\" data-widget_type=\"image-box.default\">\n\t\t\t\t<div class=\"elementor-widget-container\">\n\t\t\t<style>\/*! elementor - v3.20.0 - 20-03-2024 *\/\n.elementor-widget-image-box .elementor-image-box-content{width:100%}@media (min-width:768px){.elementor-widget-image-box.elementor-position-left .elementor-image-box-wrapper,.elementor-widget-image-box.elementor-position-right .elementor-image-box-wrapper{display:flex}.elementor-widget-image-box.elementor-position-right .elementor-image-box-wrapper{text-align:right;flex-direction:row-reverse}.elementor-widget-image-box.elementor-position-left .elementor-image-box-wrapper{text-align:left;flex-direction:row}.elementor-widget-image-box.elementor-position-top .elementor-image-box-img{margin:auto}.elementor-widget-image-box.elementor-vertical-align-top .elementor-image-box-wrapper{align-items:flex-start}.elementor-widget-image-box.elementor-vertical-align-middle .elementor-image-box-wrapper{align-items:center}.elementor-widget-image-box.elementor-vertical-align-bottom .elementor-image-box-wrapper{align-items:flex-end}}@media (max-width:767px){.elementor-widget-image-box .elementor-image-box-img{margin-left:auto!important;margin-right:auto!important;margin-bottom:15px}}.elementor-widget-image-box .elementor-image-box-img{display:inline-block}.elementor-widget-image-box .elementor-image-box-title a{color:inherit}.elementor-widget-image-box .elementor-image-box-wrapper{text-align:center}.elementor-widget-image-box .elementor-image-box-description{margin:0}<\/style><div class=\"elementor-image-box-wrapper\"><figure class=\"elementor-image-box-img\"><a href=\"https:\/\/bolanosabogados.com\/index.php\/desarrollos-inmobiliarios\/\" tabindex=\"-1\"><img decoding=\"async\" width=\"1000\" height=\"1000\" src=\"https:\/\/bolanosabogados.com\/wp-content\/uploads\/2024\/05\/15.jpg\" class=\"elementor-animation-grow attachment-full size-full wp-image-343\" alt=\"\" srcset=\"https:\/\/bolanosabogados.com\/wp-content\/uploads\/2024\/05\/15.jpg 1000w, https:\/\/bolanosabogados.com\/wp-content\/uploads\/2024\/05\/15-300x300.jpg 300w, https:\/\/bolanosabogados.com\/wp-content\/uploads\/2024\/05\/15-150x150.jpg 150w, https:\/\/bolanosabogados.com\/wp-content\/uploads\/2024\/05\/15-768x768.jpg 768w\" sizes=\"(max-width: 1000px) 100vw, 1000px\" \/><\/a><\/figure><div class=\"elementor-image-box-content\"><p class=\"elementor-image-box-description\">\u00bfPiensas iniciar un desarrollo inmobiliario o invertir en uno? Antes de comenzar es crucial planear los aspectos legales involucrados\u2026 Para esto, tenemos el servicio ideal, del principio al fin del proyecto.<\/p><\/div><\/div>\t\t<\/div>\n\t\t\t\t<\/div>\n\t\t\t\t<div class=\"elementor-element elementor-element-6ac643b4 elementor-widget-tablet__width-initial elementor-widget-mobile__width-inherit elementor-widget__width-initial elementor-position-top elementor-widget elementor-widget-image-box\" data-id=\"6ac643b4\" data-element_type=\"widget\" data-widget_type=\"image-box.default\">\n\t\t\t\t<div class=\"elementor-widget-container\">\n\t\t\t<div class=\"elementor-image-box-wrapper\"><figure class=\"elementor-image-box-img\"><a href=\"https:\/\/bolanosabogados.com\/index.php\/legal-corporativo\/\" tabindex=\"-1\"><img decoding=\"async\" width=\"1000\" height=\"1000\" src=\"https:\/\/bolanosabogados.com\/wp-content\/uploads\/2024\/05\/16.jpg\" class=\"elementor-animation-grow attachment-full size-full wp-image-344\" alt=\"\" srcset=\"https:\/\/bolanosabogados.com\/wp-content\/uploads\/2024\/05\/16.jpg 1000w, https:\/\/bolanosabogados.com\/wp-content\/uploads\/2024\/05\/16-300x300.jpg 300w, https:\/\/bolanosabogados.com\/wp-content\/uploads\/2024\/05\/16-150x150.jpg 150w, https:\/\/bolanosabogados.com\/wp-content\/uploads\/2024\/05\/16-768x768.jpg 768w\" sizes=\"(max-width: 1000px) 100vw, 1000px\" \/><\/a><\/figure><div class=\"elementor-image-box-content\"><p class=\"elementor-image-box-description\">La estructuraci\u00f3n corporativa y laboral son pilares clave de tu empresa, d\u00e9jalo en manos de expertos, asegura tu \u00e9xito con nuestro servicio especializado.<\/p><\/div><\/div>\t\t<\/div>\n\t\t\t\t<\/div>\n\t\t\t\t<div class=\"elementor-element elementor-element-70a3707b elementor-widget-tablet__width-initial elementor-widget-mobile__width-inherit elementor-widget__width-initial elementor-position-top elementor-widget elementor-widget-image-box\" data-id=\"70a3707b\" data-element_type=\"widget\" data-widget_type=\"image-box.default\">\n\t\t\t\t<div class=\"elementor-widget-container\">\n\t\t\t<div class=\"elementor-image-box-wrapper\"><figure class=\"elementor-image-box-img\"><a href=\"https:\/\/bolanosabogados.com\/index.php\/registro-de-marca\/\" tabindex=\"-1\"><img loading=\"lazy\" decoding=\"async\" width=\"1000\" height=\"1000\" src=\"https:\/\/bolanosabogados.com\/wp-content\/uploads\/2024\/05\/17.jpg\" class=\"elementor-animation-grow attachment-full size-full wp-image-345\" alt=\"\" srcset=\"https:\/\/bolanosabogados.com\/wp-content\/uploads\/2024\/05\/17.jpg 1000w, https:\/\/bolanosabogados.com\/wp-content\/uploads\/2024\/05\/17-300x300.jpg 300w, https:\/\/bolanosabogados.com\/wp-content\/uploads\/2024\/05\/17-150x150.jpg 150w, https:\/\/bolanosabogados.com\/wp-content\/uploads\/2024\/05\/17-768x768.jpg 768w\" sizes=\"(max-width: 1000px) 100vw, 1000px\" \/><\/a><\/figure><div class=\"elementor-image-box-content\"><p class=\"elementor-image-box-description\">Cuida tus creaciones e identidad. \u00bfSab\u00edas qu\u00e9 son los activos m\u00e1s valiosos de tu empresa? Prot\u00e9gelos con nuestros servicios.  <\/p><\/div><\/div>\t\t<\/div>\n\t\t\t\t<\/div>\n\t\t\t\t<div class=\"elementor-element elementor-element-3358a6d3 elementor-widget-tablet__width-initial elementor-widget-mobile__width-inherit elementor-widget__width-initial elementor-position-top elementor-widget elementor-widget-image-box\" data-id=\"3358a6d3\" data-element_type=\"widget\" data-widget_type=\"image-box.default\">\n\t\t\t\t<div class=\"elementor-widget-container\">\n\t\t\t<div class=\"elementor-image-box-wrapper\"><figure class=\"elementor-image-box-img\"><a href=\"https:\/\/bolanosabogados.com\/index.php\/derecho-migratorio\/\" tabindex=\"-1\"><img loading=\"lazy\" decoding=\"async\" width=\"1000\" height=\"1000\" src=\"https:\/\/bolanosabogados.com\/wp-content\/uploads\/2024\/05\/18.jpg\" class=\"elementor-animation-grow attachment-full size-full wp-image-346\" alt=\"\" srcset=\"https:\/\/bolanosabogados.com\/wp-content\/uploads\/2024\/05\/18.jpg 1000w, https:\/\/bolanosabogados.com\/wp-content\/uploads\/2024\/05\/18-300x300.jpg 300w, https:\/\/bolanosabogados.com\/wp-content\/uploads\/2024\/05\/18-150x150.jpg 150w, https:\/\/bolanosabogados.com\/wp-content\/uploads\/2024\/05\/18-768x768.jpg 768w\" sizes=\"(max-width: 1000px) 100vw, 1000px\" \/><\/a><\/figure><div class=\"elementor-image-box-content\"><p class=\"elementor-image-box-description\">\u00bfTu empresa necesita expandirse en territorio mexicano? \u00bfNecesitas contratar empleados extranjeros o regularizar la situaci\u00f3n migratoria de tu equipo de trabajo? \u00a1Podemos ayudarte!<\/p><\/div><\/div>\t\t<\/div>\n\t\t\t\t<\/div>\n\t\t\t\t<\/div>\n\t\t\t\t<div class=\"elementor-element elementor-element-30e6a643 elementor-align-center elementor-widget-mobile__width-inherit elementor-invisible elementor-widget elementor-widget-button\" data-id=\"30e6a643\" data-element_type=\"widget\" data-settings=\"{&quot;_animation&quot;:&quot;fadeInDown&quot;}\" data-widget_type=\"button.default\">\n\t\t\t\t<div class=\"elementor-widget-container\">\n\t\t\t\t\t<div class=\"elementor-button-wrapper\">\n\t\t\t<a class=\"elementor-button elementor-button-link elementor-size-sm\" href=\"https:\/\/bolanosabogados.com\/index.php\/contact\/\">\n\t\t\t\t\t\t<span class=\"elementor-button-content-wrapper\">\n\t\t\t\t\t\t<span class=\"elementor-button-text\">Contacto<\/span>\n\t\t<\/span>\n\t\t\t\t\t<\/a>\n\t\t<\/div>\n\t\t\t\t<\/div>\n\t\t\t\t<\/div>\n\t\t\t\t\t<\/div>\n\t\t\t\t<\/div>\n\t\t<div class=\"elementor-element elementor-element-758fefe6 e-flex e-con-boxed e-con e-parent\" data-id=\"758fefe6\" data-element_type=\"container\" data-settings=\"{&quot;background_background&quot;:&quot;classic&quot;}\" data-core-v316-plus=\"true\">\n\t\t\t\t\t<div class=\"e-con-inner\">\n\t\t\t\t<div class=\"elementor-element elementor-element-78b38063 elementor-widget elementor-widget-heading\" data-id=\"78b38063\" data-element_type=\"widget\" data-widget_type=\"heading.default\">\n\t\t\t\t<div class=\"elementor-widget-container\">\n\t\t\t<h2 class=\"elementor-heading-title elementor-size-default\">Clientes<\/h2>\t\t<\/div>\n\t\t\t\t<\/div>\n\t\t\t\t<div class=\"elementor-element elementor-element-57c76d65 elementor-widget elementor-widget-text-editor\" data-id=\"57c76d65\" data-element_type=\"widget\" data-widget_type=\"text-editor.default\">\n\t\t\t\t<div class=\"elementor-widget-container\">\n\t\t\t\t\t\t\t<p>Nuestros \u00e9xitos hablan por nosotros<\/p>\t\t\t\t\t\t<\/div>\n\t\t\t\t<\/div>\n\t\t\t\t<div class=\"elementor-element elementor-element-194a4db9 elementor-widget elementor-widget-image-carousel\" data-id=\"194a4db9\" data-element_type=\"widget\" data-settings=\"{&quot;slides_to_show&quot;:&quot;6&quot;,&quot;slides_to_show_tablet&quot;:&quot;4&quot;,&quot;navigation&quot;:&quot;none&quot;,&quot;pause_on_hover&quot;:&quot;no&quot;,&quot;pause_on_interaction&quot;:&quot;no&quot;,&quot;image_spacing_custom&quot;:{&quot;unit&quot;:&quot;px&quot;,&quot;size&quot;:7,&quot;sizes&quot;:[]},&quot;slides_to_scroll_tablet&quot;:&quot;1&quot;,&quot;slides_to_show_mobile&quot;:&quot;3&quot;,&quot;autoplay&quot;:&quot;yes&quot;,&quot;autoplay_speed&quot;:5000,&quot;infinite&quot;:&quot;yes&quot;,&quot;speed&quot;:500,&quot;image_spacing_custom_tablet&quot;:{&quot;unit&quot;:&quot;px&quot;,&quot;size&quot;:&quot;&quot;,&quot;sizes&quot;:[]},&quot;image_spacing_custom_mobile&quot;:{&quot;unit&quot;:&quot;px&quot;,&quot;size&quot;:&quot;&quot;,&quot;sizes&quot;:[]}}\" data-widget_type=\"image-carousel.default\">\n\t\t\t\t<div class=\"elementor-widget-container\">\n\t\t\t<style>\/*! elementor - v3.20.0 - 20-03-2024 *\/\n.elementor-widget-image-carousel .swiper,.elementor-widget-image-carousel .swiper-container{position:static}.elementor-widget-image-carousel .swiper-container .swiper-slide figure,.elementor-widget-image-carousel .swiper .swiper-slide figure{line-height:inherit}.elementor-widget-image-carousel .swiper-slide{text-align:center}.elementor-image-carousel-wrapper:not(.swiper-container-initialized):not(.swiper-initialized) .swiper-slide{max-width:calc(100% \/ var(--e-image-carousel-slides-to-show, 3))}<\/style>\t\t<div class=\"elementor-image-carousel-wrapper swiper\" dir=\"ltr\">\n\t\t\t<div class=\"elementor-image-carousel swiper-wrapper\" aria-live=\"off\">\n\t\t\t\t\t\t\t\t<div class=\"swiper-slide\" role=\"group\" aria-roledescription=\"slide\" aria-label=\"1 of 6\"><figure class=\"swiper-slide-inner\"><img decoding=\"async\" class=\"swiper-slide-image\" src=\"https:\/\/bolanosabogados.com\/wp-content\/uploads\/2024\/03\/AIM-LOGO-2.png\" alt=\"AIM-LOGO (2)\" \/><\/figure><\/div><div class=\"swiper-slide\" role=\"group\" aria-roledescription=\"slide\" aria-label=\"2 of 6\"><figure class=\"swiper-slide-inner\"><img decoding=\"async\" class=\"swiper-slide-image\" src=\"https:\/\/bolanosabogados.com\/wp-content\/uploads\/2024\/03\/RM-LOGO.png\" alt=\"RM LOGO\" \/><\/figure><\/div><div class=\"swiper-slide\" role=\"group\" aria-roledescription=\"slide\" aria-label=\"3 of 6\"><figure class=\"swiper-slide-inner\"><img decoding=\"async\" class=\"swiper-slide-image\" src=\"https:\/\/bolanosabogados.com\/wp-content\/uploads\/2024\/03\/Logo-EPV-1-1.png\" alt=\"Logo EPV (1) (1)\" \/><\/figure><\/div><div class=\"swiper-slide\" role=\"group\" aria-roledescription=\"slide\" aria-label=\"4 of 6\"><figure class=\"swiper-slide-inner\"><img decoding=\"async\" class=\"swiper-slide-image\" src=\"https:\/\/bolanosabogados.com\/wp-content\/uploads\/2024\/03\/LOGO-LEONORA.gif\" alt=\"LOGO LEONORA\" \/><\/figure><\/div><div class=\"swiper-slide\" role=\"group\" aria-roledescription=\"slide\" aria-label=\"5 of 6\"><figure class=\"swiper-slide-inner\"><img decoding=\"async\" class=\"swiper-slide-image\" src=\"https:\/\/bolanosabogados.com\/wp-content\/uploads\/2024\/03\/Logo-Borvo-1.gif\" alt=\"Logo Borvo (1)\" \/><\/figure><\/div><div class=\"swiper-slide\" role=\"group\" aria-roledescription=\"slide\" aria-label=\"6 of 6\"><figure class=\"swiper-slide-inner\"><img decoding=\"async\" class=\"swiper-slide-image\" src=\"https:\/\/bolanosabogados.com\/wp-content\/uploads\/2024\/03\/Logo-Corey-Desarrollos-500-x-500-1.png\" alt=\"Logo Corey Desarrollos 500 x 500-1\" \/><\/figure><\/div>\t\t\t<\/div>\n\t\t\t\t\t\t\t\n\t\t\t\t\t\t\t\t\t<\/div>\n\t\t\t\t<\/div>\n\t\t\t\t<\/div>\n\t\t\t\t\t<\/div>\n\t\t\t\t<\/div>\n\t\t\t\t<\/div>\n\t\t","protected":false},"excerpt":{"rendered":"<p>Nosotros En Bola\u00f1os Abogados, nuestro objetivo es proporcionar un servicio legal excepcional a empresarios, ofreciendo soluciones innovadoras y para proteger sus intereses. Nos esforzamos por ser l\u00edderes en el \u00e1mbito legal, adapt\u00e1ndonos constantemente a las tendencias, siendo el socio de confianza para nuestros clientes en la consecuci\u00f3n de sus objetivos. Lo que hacemos \u00bfPiensas iniciar [&hellip;]<\/p>\n","protected":false},"author":1,"featured_media":0,"parent":0,"menu_order":0,"comment_status":"closed","ping_status":"closed","template":"elementor_header_footer","meta":{"footnotes":"","_joinchat":[]},"_links":{"self":[{"href":"https:\/\/bolanosabogados.com\/index.php\/wp-json\/wp\/v2\/pages\/53"}],"collection":[{"href":"https:\/\/bolanosabogados.com\/index.php\/wp-json\/wp\/v2\/pages"}],"about":[{"href":"https:\/\/bolanosabogados.com\/index.php\/wp-json\/wp\/v2\/types\/page"}],"author":[{"embeddable":true,"href":"https:\/\/bolanosabogados.com\/index.php\/wp-json\/wp\/v2\/users\/1"}],"replies":[{"embeddable":true,"href":"https:\/\/bolanosabogados.com\/index.php\/wp-json\/wp\/v2\/comments?post=53"}],"version-history":[{"count":73,"href":"https:\/\/bolanosabogados.com\/index.php\/wp-json\/wp\/v2\/pages\/53\/revisions"}],"predecessor-version":[{"id":591,"href":"https:\/\/bolanosabogados.com\/index.php\/wp-json\/wp\/v2\/pages\/53\/revisions\/591"}],"wp:attachment":[{"href":"https:\/\/bolanosabogados.com\/index.php\/wp-json\/wp\/v2\/media?parent=53"}],"curies":[{"name":"wp","href":"https:\/\/api.w.org\/{rel}","templated":true}]}}