{"id":68,"date":"2024-03-20T18:21:43","date_gmt":"2024-03-20T17:21:43","guid":{"rendered":"https:\/\/bolanosabogados.com\/index.php\/about\/"},"modified":"2024-05-16T00:35:29","modified_gmt":"2024-05-15T22:35:29","slug":"legal-corporativo","status":"publish","type":"page","link":"https:\/\/bolanosabogados.com\/index.php\/legal-corporativo\/","title":{"rendered":"LEGAL CORPORATIVO"},"content":{"rendered":"\t\t<div data-elementor-type=\"wp-page\" data-elementor-id=\"68\" class=\"elementor elementor-68\" data-elementor-post-type=\"page\">\n\t\t\t\t<div class=\"elementor-element elementor-element-23bfdf8d e-con-full e-flex e-con e-parent\" data-id=\"23bfdf8d\" data-element_type=\"container\" data-core-v316-plus=\"true\">\n\t\t<div class=\"elementor-element elementor-element-79635b6b e-con-full e-flex e-con e-child\" data-id=\"79635b6b\" data-element_type=\"container\" data-settings=\"{&quot;background_background&quot;:&quot;classic&quot;}\">\n\t\t\t\t<\/div>\n\t\t<div class=\"elementor-element elementor-element-b3febfc e-con-full e-flex e-con e-child\" data-id=\"b3febfc\" data-element_type=\"container\">\n\t\t\t\t<div class=\"elementor-element elementor-element-1420eb3 elementor-widget elementor-widget-text-editor\" data-id=\"1420eb3\" data-element_type=\"widget\" data-widget_type=\"text-editor.default\">\n\t\t\t\t<div class=\"elementor-widget-container\">\n\t\t\t<style>\/*! elementor - v3.20.0 - 20-03-2024 *\/\n.elementor-widget-text-editor.elementor-drop-cap-view-stacked .elementor-drop-cap{background-color:#69727d;color:#fff}.elementor-widget-text-editor.elementor-drop-cap-view-framed .elementor-drop-cap{color:#69727d;border:3px solid;background-color:transparent}.elementor-widget-text-editor:not(.elementor-drop-cap-view-default) .elementor-drop-cap{margin-top:8px}.elementor-widget-text-editor:not(.elementor-drop-cap-view-default) .elementor-drop-cap-letter{width:1em;height:1em}.elementor-widget-text-editor .elementor-drop-cap{float:left;text-align:center;line-height:1;font-size:50px}.elementor-widget-text-editor .elementor-drop-cap-letter{display:inline-block}<\/style>\t\t\t\t<p><span style=\"font-weight: 400;\">Entendemos la importancia de establecer cimientos s\u00f3lidos para navegar con confianza por el complejo panorama legal y laboral. Estamos aqu\u00ed para ofrecerte una orientaci\u00f3n precisa y estrat\u00e9gica en cada paso del camino. Desde la creaci\u00f3n de tu empresa hasta la gesti\u00f3n laboral diaria, estamos comprometidos a proporcionarte soluciones a medida que impulsen tu \u00e9xito y protejan tus intereses.\u00a0\u00a0<\/span><\/p>\t\t\t\t\t\t<\/div>\n\t\t\t\t<\/div>\n\t\t\t\t<\/div>\n\t\t\t\t<\/div>\n\t\t<div class=\"elementor-element elementor-element-a494fd0 e-flex e-con-boxed e-con e-parent\" data-id=\"a494fd0\" data-element_type=\"container\" data-core-v316-plus=\"true\">\n\t\t\t\t\t<div class=\"e-con-inner\">\n\t\t\t\t<div class=\"elementor-element elementor-element-093eb1f elementor-widget elementor-widget-heading\" data-id=\"093eb1f\" data-element_type=\"widget\" data-widget_type=\"heading.default\">\n\t\t\t\t<div class=\"elementor-widget-container\">\n\t\t\t<style>\/*! elementor - v3.20.0 - 20-03-2024 *\/\n.elementor-heading-title{padding:0;margin:0;line-height:1}.elementor-widget-heading .elementor-heading-title[class*=elementor-size-]>a{color:inherit;font-size:inherit;line-height:inherit}.elementor-widget-heading .elementor-heading-title.elementor-size-small{font-size:15px}.elementor-widget-heading .elementor-heading-title.elementor-size-medium{font-size:19px}.elementor-widget-heading .elementor-heading-title.elementor-size-large{font-size:29px}.elementor-widget-heading .elementor-heading-title.elementor-size-xl{font-size:39px}.elementor-widget-heading .elementor-heading-title.elementor-size-xxl{font-size:59px}<\/style><h2 class=\"elementor-heading-title elementor-size-default\">NUESTRO SERVICIO ES PARA TI. <\/h2>\t\t<\/div>\n\t\t\t\t<\/div>\n\t\t\t\t<div class=\"elementor-element elementor-element-1833383 elementor-widget elementor-widget-text-editor\" data-id=\"1833383\" data-element_type=\"widget\" data-widget_type=\"text-editor.default\">\n\t\t\t\t<div class=\"elementor-widget-container\">\n\t\t\t\t\t\t\t<p>Bola\u00f1os Abogados ofrece un servicio integral que se enfoca en optimizar y fortalecer los pilares fundamentales de tu negocio de acuerdo a tu sector y a las normativas aplicables al mismo, para ayudar a tu crecimiento a la par que protegemos tu empresa de sanciones o conflictos legales.\u00a0<\/p>\t\t\t\t\t\t<\/div>\n\t\t\t\t<\/div>\n\t\t\t\t\t<\/div>\n\t\t\t\t<\/div>\n\t\t<div class=\"elementor-element elementor-element-3ac415f e-flex e-con-boxed e-con e-parent\" data-id=\"3ac415f\" data-element_type=\"container\" data-core-v316-plus=\"true\">\n\t\t\t\t\t<div class=\"e-con-inner\">\n\t\t\t\t<div class=\"elementor-element elementor-element-fb97d00 elementor-widget elementor-widget-heading\" data-id=\"fb97d00\" data-element_type=\"widget\" data-widget_type=\"heading.default\">\n\t\t\t\t<div class=\"elementor-widget-container\">\n\t\t\t<h2 class=\"elementor-heading-title elementor-size-default\">\u00bfQu\u00e9 hacemos?<\/h2>\t\t<\/div>\n\t\t\t\t<\/div>\n\t\t<div class=\"elementor-element elementor-element-251275b e-flex e-con-boxed e-con e-child\" data-id=\"251275b\" data-element_type=\"container\">\n\t\t\t\t\t<div class=\"e-con-inner\">\n\t\t<div class=\"elementor-element elementor-element-5e6b14d e-con-full e-flex e-con e-child\" data-id=\"5e6b14d\" data-element_type=\"container\">\n\t\t\t\t<div class=\"elementor-element elementor-element-c8dc4f6 elementor-widget elementor-widget-image\" data-id=\"c8dc4f6\" data-element_type=\"widget\" data-widget_type=\"image.default\">\n\t\t\t\t<div class=\"elementor-widget-container\">\n\t\t\t<style>\/*! elementor - v3.20.0 - 20-03-2024 *\/\n.elementor-widget-image{text-align:center}.elementor-widget-image a{display:inline-block}.elementor-widget-image a img[src$=\".svg\"]{width:48px}.elementor-widget-image img{vertical-align:middle;display:inline-block}<\/style>\t\t\t\t\t\t\t\t\t\t<img fetchpriority=\"high\" decoding=\"async\" width=\"800\" height=\"800\" src=\"https:\/\/bolanosabogados.com\/wp-content\/uploads\/2024\/05\/BOLANOS-ABOGADOS-RRSS-2-min-1024x1024.png\" class=\"attachment-large size-large wp-image-517\" alt=\"\" srcset=\"https:\/\/bolanosabogados.com\/wp-content\/uploads\/2024\/05\/BOLANOS-ABOGADOS-RRSS-2-min-1024x1024.png 1024w, https:\/\/bolanosabogados.com\/wp-content\/uploads\/2024\/05\/BOLANOS-ABOGADOS-RRSS-2-min-300x300.png 300w, https:\/\/bolanosabogados.com\/wp-content\/uploads\/2024\/05\/BOLANOS-ABOGADOS-RRSS-2-min-150x150.png 150w, https:\/\/bolanosabogados.com\/wp-content\/uploads\/2024\/05\/BOLANOS-ABOGADOS-RRSS-2-min-768x768.png 768w, https:\/\/bolanosabogados.com\/wp-content\/uploads\/2024\/05\/BOLANOS-ABOGADOS-RRSS-2-min-1536x1536.png 1536w, https:\/\/bolanosabogados.com\/wp-content\/uploads\/2024\/05\/BOLANOS-ABOGADOS-RRSS-2-min-2048x2048.png 2048w\" sizes=\"(max-width: 800px) 100vw, 800px\" \/>\t\t\t\t\t\t\t\t\t\t\t\t\t<\/div>\n\t\t\t\t<\/div>\n\t\t\t\t<div class=\"elementor-element elementor-element-c511628 elementor-position-top elementor-widget elementor-widget-image-box\" data-id=\"c511628\" data-element_type=\"widget\" data-widget_type=\"image-box.default\">\n\t\t\t\t<div class=\"elementor-widget-container\">\n\t\t\t<style>\/*! elementor - v3.20.0 - 20-03-2024 *\/\n.elementor-widget-image-box .elementor-image-box-content{width:100%}@media (min-width:768px){.elementor-widget-image-box.elementor-position-left .elementor-image-box-wrapper,.elementor-widget-image-box.elementor-position-right .elementor-image-box-wrapper{display:flex}.elementor-widget-image-box.elementor-position-right .elementor-image-box-wrapper{text-align:right;flex-direction:row-reverse}.elementor-widget-image-box.elementor-position-left .elementor-image-box-wrapper{text-align:left;flex-direction:row}.elementor-widget-image-box.elementor-position-top .elementor-image-box-img{margin:auto}.elementor-widget-image-box.elementor-vertical-align-top .elementor-image-box-wrapper{align-items:flex-start}.elementor-widget-image-box.elementor-vertical-align-middle .elementor-image-box-wrapper{align-items:center}.elementor-widget-image-box.elementor-vertical-align-bottom .elementor-image-box-wrapper{align-items:flex-end}}@media (max-width:767px){.elementor-widget-image-box .elementor-image-box-img{margin-left:auto!important;margin-right:auto!important;margin-bottom:15px}}.elementor-widget-image-box .elementor-image-box-img{display:inline-block}.elementor-widget-image-box .elementor-image-box-title a{color:inherit}.elementor-widget-image-box .elementor-image-box-wrapper{text-align:center}.elementor-widget-image-box .elementor-image-box-description{margin:0}<\/style><div class=\"elementor-image-box-wrapper\"><figure class=\"elementor-image-box-img\"><img decoding=\"async\" width=\"3375\" height=\"3375\" src=\"https:\/\/bolanosabogados.com\/wp-content\/uploads\/2024\/05\/21-min.png\" class=\"attachment-full size-full wp-image-519\" alt=\"\" srcset=\"https:\/\/bolanosabogados.com\/wp-content\/uploads\/2024\/05\/21-min.png 3375w, https:\/\/bolanosabogados.com\/wp-content\/uploads\/2024\/05\/21-min-300x300.png 300w, https:\/\/bolanosabogados.com\/wp-content\/uploads\/2024\/05\/21-min-1024x1024.png 1024w, https:\/\/bolanosabogados.com\/wp-content\/uploads\/2024\/05\/21-min-150x150.png 150w, https:\/\/bolanosabogados.com\/wp-content\/uploads\/2024\/05\/21-min-768x768.png 768w, https:\/\/bolanosabogados.com\/wp-content\/uploads\/2024\/05\/21-min-1536x1536.png 1536w, https:\/\/bolanosabogados.com\/wp-content\/uploads\/2024\/05\/21-min-2048x2048.png 2048w\" sizes=\"(max-width: 3375px) 100vw, 3375px\" \/><\/figure><div class=\"elementor-image-box-content\"><h3 class=\"elementor-image-box-title\">Constituci\u00f3n de empresas<\/h3><\/div><\/div>\t\t<\/div>\n\t\t\t\t<\/div>\n\t\t\t\t<div class=\"elementor-element elementor-element-c618e9e elementor-position-top elementor-widget elementor-widget-image-box\" data-id=\"c618e9e\" data-element_type=\"widget\" data-widget_type=\"image-box.default\">\n\t\t\t\t<div class=\"elementor-widget-container\">\n\t\t\t<div class=\"elementor-image-box-wrapper\"><figure class=\"elementor-image-box-img\"><img decoding=\"async\" width=\"3375\" height=\"3375\" src=\"https:\/\/bolanosabogados.com\/wp-content\/uploads\/2024\/05\/22-min.png\" class=\"attachment-full size-full wp-image-520\" alt=\"\" srcset=\"https:\/\/bolanosabogados.com\/wp-content\/uploads\/2024\/05\/22-min.png 3375w, https:\/\/bolanosabogados.com\/wp-content\/uploads\/2024\/05\/22-min-300x300.png 300w, https:\/\/bolanosabogados.com\/wp-content\/uploads\/2024\/05\/22-min-1024x1024.png 1024w, https:\/\/bolanosabogados.com\/wp-content\/uploads\/2024\/05\/22-min-150x150.png 150w, https:\/\/bolanosabogados.com\/wp-content\/uploads\/2024\/05\/22-min-768x768.png 768w, https:\/\/bolanosabogados.com\/wp-content\/uploads\/2024\/05\/22-min-1536x1536.png 1536w, https:\/\/bolanosabogados.com\/wp-content\/uploads\/2024\/05\/22-min-2048x2048.png 2048w\" sizes=\"(max-width: 3375px) 100vw, 3375px\" \/><\/figure><div class=\"elementor-image-box-content\"><h3 class=\"elementor-image-box-title\">Modificaciones de objeto social<\/h3><\/div><\/div>\t\t<\/div>\n\t\t\t\t<\/div>\n\t\t\t\t<div class=\"elementor-element elementor-element-c8edebc elementor-position-top elementor-widget elementor-widget-image-box\" data-id=\"c8edebc\" data-element_type=\"widget\" data-widget_type=\"image-box.default\">\n\t\t\t\t<div class=\"elementor-widget-container\">\n\t\t\t<div class=\"elementor-image-box-wrapper\"><figure class=\"elementor-image-box-img\"><img loading=\"lazy\" decoding=\"async\" width=\"3375\" height=\"3375\" src=\"https:\/\/bolanosabogados.com\/wp-content\/uploads\/2024\/05\/23-min.png\" class=\"attachment-full size-full wp-image-521\" alt=\"\" srcset=\"https:\/\/bolanosabogados.com\/wp-content\/uploads\/2024\/05\/23-min.png 3375w, https:\/\/bolanosabogados.com\/wp-content\/uploads\/2024\/05\/23-min-300x300.png 300w, https:\/\/bolanosabogados.com\/wp-content\/uploads\/2024\/05\/23-min-1024x1024.png 1024w, https:\/\/bolanosabogados.com\/wp-content\/uploads\/2024\/05\/23-min-150x150.png 150w, https:\/\/bolanosabogados.com\/wp-content\/uploads\/2024\/05\/23-min-768x768.png 768w, https:\/\/bolanosabogados.com\/wp-content\/uploads\/2024\/05\/23-min-1536x1536.png 1536w, https:\/\/bolanosabogados.com\/wp-content\/uploads\/2024\/05\/23-min-2048x2048.png 2048w\" sizes=\"(max-width: 3375px) 100vw, 3375px\" \/><\/figure><div class=\"elementor-image-box-content\"><h3 class=\"elementor-image-box-title\">Asambleas<\/h3><\/div><\/div>\t\t<\/div>\n\t\t\t\t<\/div>\n\t\t\t\t<\/div>\n\t\t<div class=\"elementor-element elementor-element-17eacb7 e-con-full e-flex e-con e-child\" data-id=\"17eacb7\" data-element_type=\"container\">\n\t\t\t\t<div class=\"elementor-element elementor-element-d4e2a51 elementor-widget elementor-widget-image\" data-id=\"d4e2a51\" data-element_type=\"widget\" data-widget_type=\"image.default\">\n\t\t\t\t<div class=\"elementor-widget-container\">\n\t\t\t\t\t\t\t\t\t\t\t\t\t<img loading=\"lazy\" decoding=\"async\" width=\"800\" height=\"800\" src=\"https:\/\/bolanosabogados.com\/wp-content\/uploads\/2024\/05\/BOLANOS-ABOGADOS-RRSS-3-min-1024x1024.png\" class=\"attachment-large size-large wp-image-518\" alt=\"\" srcset=\"https:\/\/bolanosabogados.com\/wp-content\/uploads\/2024\/05\/BOLANOS-ABOGADOS-RRSS-3-min-1024x1024.png 1024w, https:\/\/bolanosabogados.com\/wp-content\/uploads\/2024\/05\/BOLANOS-ABOGADOS-RRSS-3-min-300x300.png 300w, https:\/\/bolanosabogados.com\/wp-content\/uploads\/2024\/05\/BOLANOS-ABOGADOS-RRSS-3-min-150x150.png 150w, https:\/\/bolanosabogados.com\/wp-content\/uploads\/2024\/05\/BOLANOS-ABOGADOS-RRSS-3-min-768x768.png 768w, https:\/\/bolanosabogados.com\/wp-content\/uploads\/2024\/05\/BOLANOS-ABOGADOS-RRSS-3-min-1536x1536.png 1536w, https:\/\/bolanosabogados.com\/wp-content\/uploads\/2024\/05\/BOLANOS-ABOGADOS-RRSS-3-min-2048x2048.png 2048w\" sizes=\"(max-width: 800px) 100vw, 800px\" \/>\t\t\t\t\t\t\t\t\t\t\t\t\t<\/div>\n\t\t\t\t<\/div>\n\t\t\t\t<div class=\"elementor-element elementor-element-aeba4d5 elementor-position-top elementor-widget elementor-widget-image-box\" data-id=\"aeba4d5\" data-element_type=\"widget\" data-widget_type=\"image-box.default\">\n\t\t\t\t<div class=\"elementor-widget-container\">\n\t\t\t<div class=\"elementor-image-box-wrapper\"><figure class=\"elementor-image-box-img\"><img loading=\"lazy\" decoding=\"async\" width=\"3375\" height=\"3375\" src=\"https:\/\/bolanosabogados.com\/wp-content\/uploads\/2024\/05\/25-min.png\" class=\"attachment-full size-full wp-image-522\" alt=\"\" srcset=\"https:\/\/bolanosabogados.com\/wp-content\/uploads\/2024\/05\/25-min.png 3375w, https:\/\/bolanosabogados.com\/wp-content\/uploads\/2024\/05\/25-min-300x300.png 300w, https:\/\/bolanosabogados.com\/wp-content\/uploads\/2024\/05\/25-min-1024x1024.png 1024w, https:\/\/bolanosabogados.com\/wp-content\/uploads\/2024\/05\/25-min-150x150.png 150w, https:\/\/bolanosabogados.com\/wp-content\/uploads\/2024\/05\/25-min-768x768.png 768w, https:\/\/bolanosabogados.com\/wp-content\/uploads\/2024\/05\/25-min-1536x1536.png 1536w, https:\/\/bolanosabogados.com\/wp-content\/uploads\/2024\/05\/25-min-2048x2048.png 2048w\" sizes=\"(max-width: 3375px) 100vw, 3375px\" \/><\/figure><div class=\"elementor-image-box-content\"><h3 class=\"elementor-image-box-title\">Contratos de trabajo<\/h3><\/div><\/div>\t\t<\/div>\n\t\t\t\t<\/div>\n\t\t\t\t<div class=\"elementor-element elementor-element-2238e2d elementor-position-top elementor-widget elementor-widget-image-box\" data-id=\"2238e2d\" data-element_type=\"widget\" data-widget_type=\"image-box.default\">\n\t\t\t\t<div class=\"elementor-widget-container\">\n\t\t\t<div class=\"elementor-image-box-wrapper\"><figure class=\"elementor-image-box-img\"><img loading=\"lazy\" decoding=\"async\" width=\"3375\" height=\"3375\" src=\"https:\/\/bolanosabogados.com\/wp-content\/uploads\/2024\/05\/26-min.png\" class=\"attachment-full size-full wp-image-523\" alt=\"\" srcset=\"https:\/\/bolanosabogados.com\/wp-content\/uploads\/2024\/05\/26-min.png 3375w, https:\/\/bolanosabogados.com\/wp-content\/uploads\/2024\/05\/26-min-300x300.png 300w, https:\/\/bolanosabogados.com\/wp-content\/uploads\/2024\/05\/26-min-1024x1024.png 1024w, https:\/\/bolanosabogados.com\/wp-content\/uploads\/2024\/05\/26-min-150x150.png 150w, https:\/\/bolanosabogados.com\/wp-content\/uploads\/2024\/05\/26-min-768x768.png 768w, https:\/\/bolanosabogados.com\/wp-content\/uploads\/2024\/05\/26-min-1536x1536.png 1536w, https:\/\/bolanosabogados.com\/wp-content\/uploads\/2024\/05\/26-min-2048x2048.png 2048w\" sizes=\"(max-width: 3375px) 100vw, 3375px\" \/><\/figure><div class=\"elementor-image-box-content\"><h3 class=\"elementor-image-box-title\">Reglamento interior de Trabajo<\/h3><\/div><\/div>\t\t<\/div>\n\t\t\t\t<\/div>\n\t\t\t\t<div class=\"elementor-element elementor-element-01e9f1d elementor-position-top elementor-widget elementor-widget-image-box\" data-id=\"01e9f1d\" data-element_type=\"widget\" data-widget_type=\"image-box.default\">\n\t\t\t\t<div class=\"elementor-widget-container\">\n\t\t\t<div class=\"elementor-image-box-wrapper\"><figure class=\"elementor-image-box-img\"><img loading=\"lazy\" decoding=\"async\" width=\"3375\" height=\"3375\" src=\"https:\/\/bolanosabogados.com\/wp-content\/uploads\/2024\/05\/27-min.png\" class=\"attachment-full size-full wp-image-527\" alt=\"\" srcset=\"https:\/\/bolanosabogados.com\/wp-content\/uploads\/2024\/05\/27-min.png 3375w, https:\/\/bolanosabogados.com\/wp-content\/uploads\/2024\/05\/27-min-300x300.png 300w, https:\/\/bolanosabogados.com\/wp-content\/uploads\/2024\/05\/27-min-1024x1024.png 1024w, https:\/\/bolanosabogados.com\/wp-content\/uploads\/2024\/05\/27-min-150x150.png 150w, https:\/\/bolanosabogados.com\/wp-content\/uploads\/2024\/05\/27-min-768x768.png 768w, https:\/\/bolanosabogados.com\/wp-content\/uploads\/2024\/05\/27-min-1536x1536.png 1536w, https:\/\/bolanosabogados.com\/wp-content\/uploads\/2024\/05\/27-min-2048x2048.png 2048w\" sizes=\"(max-width: 3375px) 100vw, 3375px\" \/><\/figure><div class=\"elementor-image-box-content\"><h3 class=\"elementor-image-box-title\">Comisiones Mixtas<\/h3><\/div><\/div>\t\t<\/div>\n\t\t\t\t<\/div>\n\t\t\t\t<\/div>\n\t\t\t\t\t<\/div>\n\t\t\t\t<\/div>\n\t\t\t\t\t<\/div>\n\t\t\t\t<\/div>\n\t\t<div class=\"elementor-element elementor-element-d95f0b6 e-flex e-con-boxed e-con e-parent\" data-id=\"d95f0b6\" data-element_type=\"container\" data-core-v316-plus=\"true\">\n\t\t\t\t\t<div class=\"e-con-inner\">\n\t\t\t\t<div class=\"elementor-element elementor-element-ea85329 elementor-widget elementor-widget-heading\" data-id=\"ea85329\" data-element_type=\"widget\" data-widget_type=\"heading.default\">\n\t\t\t\t<div class=\"elementor-widget-container\">\n\t\t\t<h2 class=\"elementor-heading-title elementor-size-default\">\u00bfQU\u00c9 NOS DISTINGUE?<\/h2>\t\t<\/div>\n\t\t\t\t<\/div>\n\t\t\t\t\t<\/div>\n\t\t\t\t<\/div>\n\t\t<div class=\"elementor-element elementor-element-364a289 e-flex e-con-boxed e-con e-parent\" data-id=\"364a289\" data-element_type=\"container\" data-core-v316-plus=\"true\">\n\t\t\t\t\t<div class=\"e-con-inner\">\n\t\t<div class=\"elementor-element elementor-element-7fd0089 e-con-full e-flex e-con e-child\" data-id=\"7fd0089\" data-element_type=\"container\">\n\t\t\t\t<div class=\"elementor-element elementor-element-4efd823 elementor-widget elementor-widget-icon-box\" data-id=\"4efd823\" data-element_type=\"widget\" data-widget_type=\"icon-box.default\">\n\t\t\t\t<div class=\"elementor-widget-container\">\n\t\t\t<link rel=\"stylesheet\" href=\"https:\/\/bolanosabogados.com\/wp-content\/plugins\/elementor\/assets\/css\/widget-icon-box.min.css\">\t\t<div class=\"elementor-icon-box-wrapper\">\n\t\t\t\t\t\t<div class=\"elementor-icon-box-content\">\n\t\t\t\t<h3 class=\"elementor-icon-box-title\">\n\t\t\t\t\t<span  >\n\t\t\t\t\t\tENFOQUE PERSONALIZADO\t\t\t\t\t<\/span>\n\t\t\t\t<\/h3>\n\t\t\t\t\t\t\t\t\t<p class=\"elementor-icon-box-description\">\n\t\t\t\t\t\tCada empresa y proyecto es diferente por lo que requiere un an\u00e1lisis profundo y una estrategia personalizada.\t\t\t\t\t<\/p>\n\t\t\t\t\t\t\t<\/div>\n\t\t<\/div>\n\t\t\t\t<\/div>\n\t\t\t\t<\/div>\n\t\t\t\t<\/div>\n\t\t<div class=\"elementor-element elementor-element-36c36af e-con-full e-flex e-con e-child\" data-id=\"36c36af\" data-element_type=\"container\">\n\t\t\t\t<div class=\"elementor-element elementor-element-e50df30 elementor-widget elementor-widget-icon-box\" data-id=\"e50df30\" data-element_type=\"widget\" data-widget_type=\"icon-box.default\">\n\t\t\t\t<div class=\"elementor-widget-container\">\n\t\t\t\t\t<div class=\"elementor-icon-box-wrapper\">\n\t\t\t\t\t\t<div class=\"elementor-icon-box-content\">\n\t\t\t\t<h3 class=\"elementor-icon-box-title\">\n\t\t\t\t\t<span  >\n\t\t\t\t\t\tEFICIENCIA <br> DE COSTOS\t\t\t\t\t<\/span>\n\t\t\t\t<\/h3>\n\t\t\t\t\t\t\t\t\t<p class=\"elementor-icon-box-description\">\n\t\t\t\t\t\tEncontramos la f\u00f3rmula que tu empresa requiere para minimizar costos sin sacrificar la calidad del trabajo ejecutado.\n\t\t\t\t\t<\/p>\n\t\t\t\t\t\t\t<\/div>\n\t\t<\/div>\n\t\t\t\t<\/div>\n\t\t\t\t<\/div>\n\t\t\t\t<\/div>\n\t\t<div class=\"elementor-element elementor-element-134382b e-con-full e-flex e-con e-child\" data-id=\"134382b\" data-element_type=\"container\">\n\t\t\t\t<div class=\"elementor-element elementor-element-494f88f elementor-widget elementor-widget-icon-box\" data-id=\"494f88f\" data-element_type=\"widget\" data-widget_type=\"icon-box.default\">\n\t\t\t\t<div class=\"elementor-widget-container\">\n\t\t\t\t\t<div class=\"elementor-icon-box-wrapper\">\n\t\t\t\t\t\t<div class=\"elementor-icon-box-content\">\n\t\t\t\t<h3 class=\"elementor-icon-box-title\">\n\t\t\t\t\t<span  >\n\t\t\t\t\t\tCUMPLIMIENTO NORMATIVO\t\t\t\t\t<\/span>\n\t\t\t\t<\/h3>\n\t\t\t\t\t\t\t\t\t<p class=\"elementor-icon-box-description\">\n\t\t\t\t\t\tTe guiamos en el cumplimiento y protecci\u00f3n de tu empresa de acuerdo a las leyes aplicables a tu industria y actividad.\u200b\t\t\t\t\t<\/p>\n\t\t\t\t\t\t\t<\/div>\n\t\t<\/div>\n\t\t\t\t<\/div>\n\t\t\t\t<\/div>\n\t\t\t\t<\/div>\n\t\t<div class=\"elementor-element elementor-element-a000830 e-con-full e-flex e-con e-child\" data-id=\"a000830\" data-element_type=\"container\">\n\t\t\t\t<div class=\"elementor-element elementor-element-61c113e elementor-widget elementor-widget-icon-box\" data-id=\"61c113e\" data-element_type=\"widget\" data-widget_type=\"icon-box.default\">\n\t\t\t\t<div class=\"elementor-widget-container\">\n\t\t\t\t\t<div class=\"elementor-icon-box-wrapper\">\n\t\t\t\t\t\t<div class=\"elementor-icon-box-content\">\n\t\t\t\t<h3 class=\"elementor-icon-box-title\">\n\t\t\t\t\t<span  >\n\t\t\t\t\t\tGESTI\u00d3N INTEGRAL DE CAMBIOS\t\t\t\t\t<\/span>\n\t\t\t\t<\/h3>\n\t\t\t\t\t\t\t\t\t<p class=\"elementor-icon-box-description\">\n\t\t\t\t\t\tNos encargamos de apoyarte en el\nproceso de implementaci\u00f3n de normativa y nuevas estructuras.\t\t\t\t\t<\/p>\n\t\t\t\t\t\t\t<\/div>\n\t\t<\/div>\n\t\t\t\t<\/div>\n\t\t\t\t<\/div>\n\t\t\t\t<\/div>\n\t\t<div class=\"elementor-element elementor-element-b1f0780 e-con-full e-flex e-con e-child\" data-id=\"b1f0780\" data-element_type=\"container\">\n\t\t\t\t<\/div>\n\t\t<div class=\"elementor-element elementor-element-eb9593f e-con-full e-flex e-con e-child\" data-id=\"eb9593f\" data-element_type=\"container\">\n\t\t\t\t<div class=\"elementor-element elementor-element-0692a19 elementor-widget elementor-widget-icon-box\" data-id=\"0692a19\" data-element_type=\"widget\" data-widget_type=\"icon-box.default\">\n\t\t\t\t<div class=\"elementor-widget-container\">\n\t\t\t\t\t<div class=\"elementor-icon-box-wrapper\">\n\t\t\t\t\t\t<div class=\"elementor-icon-box-content\">\n\t\t\t\t<h3 class=\"elementor-icon-box-title\">\n\t\t\t\t\t<span  >\n\t\t\t\t\t\tFOMENTAMOS LA ADAPTABILIDAD\t\t\t\t\t<\/span>\n\t\t\t\t<\/h3>\n\t\t\t\t\t\t\t\t\t<p class=\"elementor-icon-box-description\">\n\t\t\t\t\t\tEntendemos que la legislaci\u00f3n cambia por lo que al mantenernos actualizados, buscamos la manera de que tu empresa pueda implementar f\u00e1cilmente cualquier directriz que la autoridad indique\u200b\t\t\t\t\t<\/p>\n\t\t\t\t\t\t\t<\/div>\n\t\t<\/div>\n\t\t\t\t<\/div>\n\t\t\t\t<\/div>\n\t\t\t\t<\/div>\n\t\t\t\t\t<\/div>\n\t\t\t\t<\/div>\n\t\t<div class=\"elementor-element elementor-element-7856174 e-flex e-con-boxed e-con e-parent\" data-id=\"7856174\" data-element_type=\"container\" data-settings=\"{&quot;background_background&quot;:&quot;classic&quot;}\" data-core-v316-plus=\"true\">\n\t\t\t\t\t<div class=\"e-con-inner\">\n\t\t\t\t<div class=\"elementor-element elementor-element-5c896f69 elementor-view-default elementor-position-top elementor-mobile-position-top elementor-widget elementor-widget-icon-box\" data-id=\"5c896f69\" data-element_type=\"widget\" data-widget_type=\"icon-box.default\">\n\t\t\t\t<div class=\"elementor-widget-container\">\n\t\t\t\t\t<div class=\"elementor-icon-box-wrapper\">\n\t\t\t\t\t\t<div class=\"elementor-icon-box-icon\">\n\t\t\t\t<span  class=\"elementor-icon elementor-animation-\">\n\t\t\t\t<svg xmlns=\"http:\/\/www.w3.org\/2000\/svg\" id=\"a4a99671-1fc3-4568-98bf-7fc5746e910a\" data-name=\"Layer 1\" width=\"114\" height=\"79\" viewBox=\"0 0 114 79\"><polygon points=\"32.677 0 0 78.265 36.391 78.265 57.928 0 32.677 0\"><\/polygon><polygon points=\"88.749 0.735 56.072 79 92.463 79 114 0.735 88.749 0.735\"><\/polygon><\/svg>\t\t\t\t<\/span>\n\t\t\t<\/div>\n\t\t\t\t\t\t<div class=\"elementor-icon-box-content\">\n\t\t\t\t<h3 class=\"elementor-icon-box-title\">\n\t\t\t\t\t<span  >\n\t\t\t\t\t\tCONVIERTE LA ESTRUCTURA DE TU EMPRESA EN UNA OFERTA DE VALOR\t\t\t\t\t<\/span>\n\t\t\t\t<\/h3>\n\t\t\t\t\t\t\t<\/div>\n\t\t<\/div>\n\t\t\t\t<\/div>\n\t\t\t\t<\/div>\n\t\t\t\t\t<\/div>\n\t\t\t\t<\/div>\n\t\t\t\t<\/div>\n\t\t","protected":false},"excerpt":{"rendered":"<p>Entendemos la importancia de establecer cimientos s\u00f3lidos para navegar con confianza por el complejo panorama legal y laboral. Estamos aqu\u00ed para ofrecerte una orientaci\u00f3n precisa y estrat\u00e9gica en cada paso del camino. Desde la creaci\u00f3n de tu empresa hasta la gesti\u00f3n laboral diaria, estamos comprometidos a proporcionarte soluciones a medida que impulsen tu \u00e9xito y [&hellip;]<\/p>\n","protected":false},"author":1,"featured_media":0,"parent":0,"menu_order":0,"comment_status":"closed","ping_status":"closed","template":"elementor_header_footer","meta":{"footnotes":"","_joinchat":[]},"_links":{"self":[{"href":"https:\/\/bolanosabogados.com\/index.php\/wp-json\/wp\/v2\/pages\/68"}],"collection":[{"href":"https:\/\/bolanosabogados.com\/index.php\/wp-json\/wp\/v2\/pages"}],"about":[{"href":"https:\/\/bolanosabogados.com\/index.php\/wp-json\/wp\/v2\/types\/page"}],"author":[{"embeddable":true,"href":"https:\/\/bolanosabogados.com\/index.php\/wp-json\/wp\/v2\/users\/1"}],"replies":[{"embeddable":true,"href":"https:\/\/bolanosabogados.com\/index.php\/wp-json\/wp\/v2\/comments?post=68"}],"version-history":[{"count":55,"href":"https:\/\/bolanosabogados.com\/index.php\/wp-json\/wp\/v2\/pages\/68\/revisions"}],"predecessor-version":[{"id":636,"href":"https:\/\/bolanosabogados.com\/index.php\/wp-json\/wp\/v2\/pages\/68\/revisions\/636"}],"wp:attachment":[{"href":"https:\/\/bolanosabogados.com\/index.php\/wp-json\/wp\/v2\/media?parent=68"}],"curies":[{"name":"wp","href":"https:\/\/api.w.org\/{rel}","templated":true}]}}